{"id":2,"date":"2025-04-21T10:02:07","date_gmt":"2025-04-21T10:02:07","guid":{"rendered":"https:\/\/ybrkmusic.com\/?page_id=2"},"modified":"2025-06-05T19:57:38","modified_gmt":"2025-06-05T19:57:38","slug":"sample-page","status":"publish","type":"page","link":"https:\/\/ybrkmusic.com\/","title":{"rendered":"yak\u0131nda&#8230;"},"content":{"rendered":"\n<figure class=\"wp-block-embed is-type-video is-provider-youtube wp-block-embed-youtube wp-embed-aspect-16-9 wp-has-aspect-ratio\"><div class=\"wp-block-embed__wrapper\">\n<iframe loading=\"lazy\" title=\"ybrk - A\u015f\u0131klar Gibi (Official Video)\" width=\"880\" height=\"495\" src=\"https:\/\/www.youtube.com\/embed\/Pmewioa3VyQ?feature=oembed\" frameborder=\"0\" allow=\"accelerometer; autoplay; clipboard-write; encrypted-media; gyroscope; picture-in-picture; web-share\" referrerpolicy=\"strict-origin-when-cross-origin\" allowfullscreen><\/iframe>\n<\/div><\/figure>\n\n\n\n<div class=\"wp-block-group is-horizontal is-layout-flex wp-block-group-is-layout-flex\">\n<figure class=\"wp-block-embed alignleft is-type-rich is-provider-soundcloud wp-block-embed-soundcloud\"><div class=\"wp-block-embed__wrapper\">\n<iframe loading=\"lazy\" title=\"O G\u00fcl\u00fc\u015f\u00fcne by ybrk\" width=\"880\" height=\"400\" scrolling=\"no\" frameborder=\"no\" src=\"https:\/\/w.soundcloud.com\/player\/?visual=true&#038;url=https%3A%2F%2Fapi.soundcloud.com%2Ftracks%2F2081214189&#038;show_artwork=true&#038;maxheight=1000&#038;maxwidth=880\"><\/iframe>\n<\/div><\/figure>\n\n\n\n<figure class=\"wp-block-embed alignright is-type-rich is-provider-soundcloud wp-block-embed-soundcloud\"><div class=\"wp-block-embed__wrapper\">\n<iframe loading=\"lazy\" title=\"A\u015f\u0131klar Gibi by ybrk\" width=\"880\" height=\"400\" scrolling=\"no\" frameborder=\"no\" src=\"https:\/\/w.soundcloud.com\/player\/?visual=true&#038;url=https%3A%2F%2Fapi.soundcloud.com%2Ftracks%2F2105963283&#038;show_artwork=true&#038;maxheight=1000&#038;maxwidth=880\"><\/iframe>\n<\/div><\/figure>\n<\/div>\n\n\n\n<p>mail: iletisim@ybrkmusic.com<\/p>\n","protected":false},"excerpt":{"rendered":"<p>mail: iletisim@ybrkmusic.com<\/p>\n","protected":false},"author":1,"featured_media":0,"parent":0,"menu_order":0,"comment_status":"closed","ping_status":"open","template":"","meta":{"footnotes":""},"class_list":["post-2","page","type-page","status-publish","hentry"],"_links":{"self":[{"href":"https:\/\/ybrkmusic.com\/index.php?rest_route=\/wp\/v2\/pages\/2","targetHints":{"allow":["GET"]}}],"collection":[{"href":"https:\/\/ybrkmusic.com\/index.php?rest_route=\/wp\/v2\/pages"}],"about":[{"href":"https:\/\/ybrkmusic.com\/index.php?rest_route=\/wp\/v2\/types\/page"}],"author":[{"embeddable":true,"href":"https:\/\/ybrkmusic.com\/index.php?rest_route=\/wp\/v2\/users\/1"}],"replies":[{"embeddable":true,"href":"https:\/\/ybrkmusic.com\/index.php?rest_route=%2Fwp%2Fv2%2Fcomments&post=2"}],"version-history":[{"count":5,"href":"https:\/\/ybrkmusic.com\/index.php?rest_route=\/wp\/v2\/pages\/2\/revisions"}],"predecessor-version":[{"id":29,"href":"https:\/\/ybrkmusic.com\/index.php?rest_route=\/wp\/v2\/pages\/2\/revisions\/29"}],"wp:attachment":[{"href":"https:\/\/ybrkmusic.com\/index.php?rest_route=%2Fwp%2Fv2%2Fmedia&parent=2"}],"curies":[{"name":"wp","href":"https:\/\/api.w.org\/{rel}","templated":true}]}}